{"id":583,"date":"2024-10-01T22:00:32","date_gmt":"2024-10-01T22:00:32","guid":{"rendered":"https:\/\/halenionzion.com\/product\/homebwoyrasta-another-7-vinyl-dubplate-cut\/"},"modified":"2026-04-01T08:34:53","modified_gmt":"2026-04-01T06:34:53","slug":"homebwoyrasta-another-7-vinyl-dubplate-cut","status":"publish","type":"product","link":"https:\/\/www.halenionzion.com\/en\/product\/homebwoyrasta-another-7-vinyl-dubplate-cut\/","title":{"rendered":"HomeBwoyRasta &#8211; Another &#8211; 7&#8243; vinyl (dubplate cut)"},"content":{"rendered":"<p>HomeBwoyRasta &#8211; Another &#8211; 7&#8243; vinyl (dubplate cut)<\/p>\n<p>Limited edition<\/p>\n<div class=\"ignition-responsive-embed\"><iframe loading=\"lazy\" title=\"HomeBwoyRasta - Another (Lyrics Video)\" width=\"960\" height=\"540\" src=\"https:\/\/www.youtube.com\/embed\/RamPS2uEl3I?feature=oembed\" frameborder=\"0\" allow=\"accelerometer; autoplay; clipboard-write; encrypted-media; gyroscope; picture-in-picture; web-share\" referrerpolicy=\"strict-origin-when-cross-origin\" allowfullscreen><\/iframe><\/div>\n","protected":false},"excerpt":{"rendered":"[ai_playlist id=\"623\"]\n<p>Music by Ladja Svr\u010dek\/Luk\u00e1\u0161 Mare\u010dek<\/p>\n<p>Lyrics by Luk\u00e1\u0161 Mare\u010dek<\/p>\n<p>Ladjah Svrcek &#8211; drums programming, synthesizers<\/p>\n<p>Lukas Marecek &#8211; vocals, guitars, percussion<\/p>\n<p>Jaroslav Vincek Vinicky &#8211; harmonica<\/p>\n<p>Jan P\u0159ibil &#8211; trumpet<\/p>\n<p>Recorded @ Studio Palba<\/p>\n<p>Mixed &amp; Mastered @ Gargle and Expel Studio<\/p>\n<p>Artwork by Adjah Kment<\/p>\n<p>Photo by L\u00e9toslav Chromek<\/p>\n<p>Video by Luk\u00e1\u0161 Mare\u010dek &amp; Dread Ladja<\/p>\n<p>homebwoyrasta.cz<\/p>\n","protected":false},"featured_media":503,"template":"","meta":[],"product_brand":[],"product_cat":[84],"product_tag":[],"class_list":{"0":"post-583","1":"product","2":"type-product","3":"status-publish","4":"has-post-thumbnail","6":"product_cat-albums-en","8":"first","9":"onbackorder","10":"taxable","11":"shipping-taxable","12":"purchasable","13":"product-type-simple"},"_links":{"self":[{"href":"https:\/\/www.halenionzion.com\/en\/wp-json\/wp\/v2\/product\/583","targetHints":{"allow":["GET"]}}],"collection":[{"href":"https:\/\/www.halenionzion.com\/en\/wp-json\/wp\/v2\/product"}],"about":[{"href":"https:\/\/www.halenionzion.com\/en\/wp-json\/wp\/v2\/types\/product"}],"wp:featuredmedia":[{"embeddable":true,"href":"https:\/\/www.halenionzion.com\/en\/wp-json\/wp\/v2\/media\/503"}],"wp:attachment":[{"href":"https:\/\/www.halenionzion.com\/en\/wp-json\/wp\/v2\/media?parent=583"}],"wp:term":[{"taxonomy":"product_brand","embeddable":true,"href":"https:\/\/www.halenionzion.com\/en\/wp-json\/wp\/v2\/product_brand?post=583"},{"taxonomy":"product_cat","embeddable":true,"href":"https:\/\/www.halenionzion.com\/en\/wp-json\/wp\/v2\/product_cat?post=583"},{"taxonomy":"product_tag","embeddable":true,"href":"https:\/\/www.halenionzion.com\/en\/wp-json\/wp\/v2\/product_tag?post=583"}],"curies":[{"name":"wp","href":"https:\/\/api.w.org\/{rel}","templated":true}]}}