{"id":1080,"date":"2026-01-17T01:00:04","date_gmt":"2026-01-17T00:00:04","guid":{"rendered":"https:\/\/www.halenionzion.com\/?post_type=product&#038;p=1080"},"modified":"2026-04-01T08:34:54","modified_gmt":"2026-04-01T06:34:54","slug":"stoned-tree-riddim-remixed-7-vinyl-dubplate-cut-kopirovat","status":"publish","type":"product","link":"https:\/\/www.halenionzion.com\/en\/product\/stoned-tree-riddim-remixed-7-vinyl-dubplate-cut-kopirovat\/","title":{"rendered":"Sukulent Sound &#8211; Before I Turn Out the Lights \/ Hey Dude &#8211; 7&#8243; vinyl (dubplate cut)"},"content":{"rendered":"<h2>SUCCULENT SOUND &#8211; BEFORE I TURN OFF THE LIGHTS \/ HEY DUDE<\/h2>\n<p class=\"p1\"><strong>Sukulent Sound<\/strong> comes with their first ever release on vinyl. The energetic band mixing reggae, rap and ska-punk releases a seven-inch double single under the Zion Records label Halenion, which refers to the classic roots of the genre. <\/p>\n<p class=\"p1\">Both tracks were produced by Dan Friml at The Barn studio.<\/p>\n<p class=\"p1\">On page A &#8211; <b>Before I turn off the lights<\/b><\/p>\n<div class=\"ignition-responsive-embed\"><iframe loading=\"lazy\" title=\"SUKULENT SOUND - Ne\u017e \u00fapln\u011b zhasnu feat Ond\u0159ej K\u0159\u00ed\u017e\" width=\"960\" height=\"540\" src=\"https:\/\/www.youtube.com\/embed\/7l0rKkPWsYU?feature=oembed\" frameborder=\"0\" allow=\"accelerometer; autoplay; clipboard-write; encrypted-media; gyroscope; picture-in-picture; web-share\" referrerpolicy=\"strict-origin-when-cross-origin\" allowfullscreen><\/iframe><\/div>\n<p>On the B-side &#8211; <strong>Hey dude &#8211; <\/strong>scratches by DJ Flux are added.<\/p>\n<div class=\"ignition-responsive-embed\"><iframe loading=\"lazy\" title=\"SUKULENT SOUND feat DJ FLUX - Hej K\u00e1mo (official audio)\" width=\"960\" height=\"540\" src=\"https:\/\/www.youtube.com\/embed\/E31XhgtpihQ?feature=oembed\" frameborder=\"0\" allow=\"accelerometer; autoplay; clipboard-write; encrypted-media; gyroscope; picture-in-picture; web-share\" referrerpolicy=\"strict-origin-when-cross-origin\" allowfullscreen><\/iframe><\/div>\n","protected":false},"excerpt":{"rendered":"<h2>SUCCULENT SOUND &#8211; BEFORE I TURN OFF THE LIGHTS \/ HEY DUDE<\/h2>\n<p><strong>7&#8243; vinyl (dubplate cut):<\/strong><\/p>\n<p>Sukulent Sound &#8211; Before I turn off the lights \/ Hey mate<\/p>\n<ul style=\"font-weight: 400;\">\n<li><strong>Interpret:<\/strong> Sukulent Sound<\/li>\n<li><strong>Title:<\/strong> Before I Turn Out the Lights \/ Hey Dude<\/li>\n<li><strong>Format:<\/strong> 7&#8243; Vinyl \/ Digital distribution<\/li>\n<li><strong>Halenion<\/strong> Zion Records<\/li>\n<li><strong>Studio:<\/strong> The Barn (prod. Dan Friml)<\/li>\n<li><strong>Vinyl:<\/strong> Grooveit.cz<\/li>\n<\/ul>\n","protected":false},"featured_media":1094,"template":"","meta":[],"product_brand":[],"product_cat":[84],"product_tag":[],"class_list":{"0":"post-1080","1":"product","2":"type-product","3":"status-publish","4":"has-post-thumbnail","6":"product_cat-albums-en","8":"first","9":"outofstock","10":"taxable","11":"shipping-taxable","12":"purchasable","13":"product-type-simple"},"_links":{"self":[{"href":"https:\/\/www.halenionzion.com\/en\/wp-json\/wp\/v2\/product\/1080","targetHints":{"allow":["GET"]}}],"collection":[{"href":"https:\/\/www.halenionzion.com\/en\/wp-json\/wp\/v2\/product"}],"about":[{"href":"https:\/\/www.halenionzion.com\/en\/wp-json\/wp\/v2\/types\/product"}],"wp:featuredmedia":[{"embeddable":true,"href":"https:\/\/www.halenionzion.com\/en\/wp-json\/wp\/v2\/media\/1094"}],"wp:attachment":[{"href":"https:\/\/www.halenionzion.com\/en\/wp-json\/wp\/v2\/media?parent=1080"}],"wp:term":[{"taxonomy":"product_brand","embeddable":true,"href":"https:\/\/www.halenionzion.com\/en\/wp-json\/wp\/v2\/product_brand?post=1080"},{"taxonomy":"product_cat","embeddable":true,"href":"https:\/\/www.halenionzion.com\/en\/wp-json\/wp\/v2\/product_cat?post=1080"},{"taxonomy":"product_tag","embeddable":true,"href":"https:\/\/www.halenionzion.com\/en\/wp-json\/wp\/v2\/product_tag?post=1080"}],"curies":[{"name":"wp","href":"https:\/\/api.w.org\/{rel}","templated":true}]}}