{"id":580,"date":"2024-10-04T20:02:11","date_gmt":"2024-10-04T20:02:11","guid":{"rendered":"https:\/\/halenionzion.com\/cookies\/"},"modified":"2024-10-06T21:51:32","modified_gmt":"2024-10-06T21:51:32","slug":"cookies","status":"publish","type":"page","link":"https:\/\/www.halenionzion.com\/en\/cookies\/","title":{"rendered":"Cookies"},"content":{"rendered":"\n<h4 class=\"wp-block-heading\">What are cookies?<\/h4>\n\n<p><strong>Why we use cookies<\/strong><\/p>\n\n<p>CompanyTom\u00e1\u0161 Velech ID 04123841, se Mostn\u00ed 979, Zl\u00edn 760 01 is the operator of the website www.halenionzion.com<\/p>\n\n<p>Tom\u00e1\u0161 Velech is a data controller and uses <strong>cookies<\/strong> on its website for <strong>the following purposes:<\/strong><\/p>\n\n<ul class=\"wp-block-list\">\n<li>measuring website traffic, generating statistics on traffic and visitor behaviour on its website,<\/li>\n\n\n\n<li>the functioning of its website,<\/li>\n\n\n\n<li>for optimizing ads on social networks (e.g. Facebook),<\/li>\n\n\n\n<li>to optimize AdWord and Sklik ads.<\/li>\n<\/ul>\n\n<p><strong>It concerns the processing of personal data<\/strong><\/p>\n\n<p>The collection of cookies for the purpose referred to in the previous paragraph may be considered as processing of personal data.\nSuch processing <strong>is possible on the basis of a lawful reason<\/strong> and is made possible by   <a href=\"http:\/\/www.privacy-regulation.eu\/cs\/6.htm\" target=\"_blank\" rel=\"noopener\"><g id=\"gid_0\">Art.<\/g>   <\/a>  from Regulation (EU) of the European Parliament and of the Council  <a href=\"https:\/\/publications.europa.eu\/cs\/publication-detail\/-\/publication\/3e485e15-11bd-11e6-ba9a-01aa75ed71a1\/language-cs\" target=\"_blank\" rel=\"noopener\"><g id=\"gid_0\">\u010d.<\/g> <\/a>  on the protection of natural persons with regard to the processing of personal data and on the free movement of such data and repealing Directive 95\/46\/EC (General Data Protection Regulation) (formerly also referred to as the &#8220;Regulation&#8221;).<\/p>\n\n<p><strong>It&#8217;s in your hands<\/strong><\/p>\n\n<p>You can use the website in a mode that does not allow the collection of visitor data.\nThis mode can be set in your browser.\nData collection can be opposed on the basis of    <a href=\"http:\/\/www.privacy-regulation.eu\/cs\/21.htm\" target=\"_blank\" rel=\"noopener\"><g id=\"gid_0\">Art.<\/g> <\/a>  also object by <strong>sending<\/strong> it <strong>to the contact address of<\/strong> Tom\u00e1\u0161 Velech, Mostn\u00ed 979, Zl\u00edn 760 01 or by <strong>e-mail to records@halenionzion.com.<\/strong> We will evaluate your objection within 30 days of receiving it.\nCookies necessary for the functionality of the website will be stored only for the time necessary for the functioning of the website. <\/p>\n\n<p><strong>What we unfortunately cannot guarantee<\/strong><\/p>\n\n<p>If you object to the processing of technical cookies <strong>necessary for the functioning of the halenionzion.com website of Tom\u00e1\u0161 Velech, the<\/strong> full functionality and compatibility of the website cannot be guaranteed in this case.<\/p>\n\n<p><strong>We consider<\/strong> cookies, which are collected <strong>for the purpose of measuring traffic to <\/strong>the Tom\u00e1\u0161 Velech website, generating traffic statistics and visitor behaviour on the website, <strong>in a bulk<\/strong> and pseudonymised <strong>form<\/strong> that allows identification of an individual only with considerable and professional effort.<\/p>\n\n<p><strong>We evaluate the data as a whole<\/strong><\/p>\n\n<p>The cookies used by Tom\u00e1\u0161 Velech <strong>for the optimisation of advertisements<\/strong> on social networks (e.g. Facebook), AdWords and Sklik are, as in point 4, treated in bulk and in pseudonymised form.<\/p>\n\n<p><strong>You can take back your decision<\/strong><\/p>\n\n<p>Advertising targeting cookies are processed on the basis of your consent.\nYou grant this for the period of time indicated for each marketing cookie.\nConsent to the collection of cookie data for marketing purposes <strong>can be withdrawn at any time<\/strong> by changing the settings of the respective internet browser.  <\/p>\n\n<p><strong>Other processors of personal data<\/strong><\/p>\n\n<p>Please note that the cookies collected are also <strong>processed by other processors:<\/strong><\/p>\n\n<ul class=\"wp-block-list\">\n<li>Google Analytics, Google Ads, Google Tag Manager, Google Inc., USA,<\/li>\n\n\n\n<li>Facebook, Instagram, Facebook Inc., California, USA,<\/li>\n\n\n\n<li>Sklik, Seznam.cz, Prague, Czech Republic,<\/li>\n<\/ul>\n\n<p>The above-mentioned data processors further handle cookies <strong>in accordance with their terms and conditions<\/strong>, which can be found on their websites.<\/p>\n\n<p><strong>What you are entitled to<\/strong><\/p>\n\n<ul class=\"wp-block-list\">\n<li>You have the right to request information about your personal data processed by the company Tom\u00e1\u0161 Velech, which operates the website referred to in point 1.\nIn addition, you can request a copy of it. <\/li>\n\n\n\n<li>You also have the right to request<strong> access to your personal data <\/strong>from the above-mentioned company and to have it updated or corrected, or to restrict its processing.<\/li>\n\n\n\n<li>You may request the deletion of your personal data.\nTom\u00e1\u0161 Velech will only do this if the deletion does not conflict with applicable law and the legitimate interests of the company. <\/li>\n\n\n\n<li>In the case of processing of personal data on the basis of consent, you have the right to request the transfer of such data.<\/li>\n\n\n\n<li>If you have any doubts about compliance with the obligations related to the processing of personal data, you have the right to contact Tom\u00e1\u0161 Velech or the Office for Personal Data Protection or, in extreme cases, the court.<\/li>\n<\/ul>\n\n<p><strong>What cookies we collect  <\/strong><\/p>\n\n<a class=\"cky-banner-element\">Cookie Settings<\/a>\n\n<div class=\"cky-audit-table-element\"><\/div>\n\n<p><\/p>\n","protected":false},"excerpt":{"rendered":"<p>What are cookies? Why we use cookies CompanyTom\u00e1\u0161 Velech ID 04123841, se Mostn\u00ed 979, Zl\u00edn 760 01 is the operator of the website www.halenionzion.com Tom\u00e1\u0161 Velech is a data controller and uses cookies on its [&hellip;]<\/p>\n","protected":false},"author":6,"featured_media":0,"parent":0,"menu_order":0,"comment_status":"closed","ping_status":"closed","template":"","meta":{"footnotes":""},"class_list":["post-580","page","type-page","status-publish","hentry"],"_links":{"self":[{"href":"https:\/\/www.halenionzion.com\/en\/wp-json\/wp\/v2\/pages\/580","targetHints":{"allow":["GET"]}}],"collection":[{"href":"https:\/\/www.halenionzion.com\/en\/wp-json\/wp\/v2\/pages"}],"about":[{"href":"https:\/\/www.halenionzion.com\/en\/wp-json\/wp\/v2\/types\/page"}],"author":[{"embeddable":true,"href":"https:\/\/www.halenionzion.com\/en\/wp-json\/wp\/v2\/users\/6"}],"replies":[{"embeddable":true,"href":"https:\/\/www.halenionzion.com\/en\/wp-json\/wp\/v2\/comments?post=580"}],"version-history":[{"count":2,"href":"https:\/\/www.halenionzion.com\/en\/wp-json\/wp\/v2\/pages\/580\/revisions"}],"predecessor-version":[{"id":584,"href":"https:\/\/www.halenionzion.com\/en\/wp-json\/wp\/v2\/pages\/580\/revisions\/584"}],"wp:attachment":[{"href":"https:\/\/www.halenionzion.com\/en\/wp-json\/wp\/v2\/media?parent=580"}],"curies":[{"name":"wp","href":"https:\/\/api.w.org\/{rel}","templated":true}]}}